{"id":1655,"date":"2019-12-10T20:57:54","date_gmt":"2019-12-10T19:57:54","guid":{"rendered":"http:\/\/6020227052331.hostingkunde.de\/?page_id=1655"},"modified":"2019-12-11T22:47:27","modified_gmt":"2019-12-11T21:47:27","slug":"legal-notices","status":"publish","type":"page","link":"https:\/\/www.sanapur.de\/en\/legal-notices\/","title":{"rendered":"Legal notices"},"content":{"rendered":"<p><div class=\"fusion-fullwidth fullwidth-box fusion-builder-row-1 fusion-parallax-none nonhundred-percent-fullwidth non-hundred-percent-height-scrolling block-norm\" style=\"--awb-border-radius-top-left:0px;--awb-border-radius-top-right:0px;--awb-border-radius-bottom-right:0px;--awb-border-radius-bottom-left:0px;--awb-padding-top:215px;--awb-padding-bottom:360px;--awb-margin-top:0px;--awb-margin-bottom:0px;--awb-background-color:#f0f4f7;--awb-background-image:url(&quot;https:\/\/www.sanapur.de\/wp-content\/uploads\/2018\/10\/sanapur-ergonomisch-richtig-und-gesund-schlafen.jpg&quot;);--awb-background-size:cover;--awb-flex-wrap:wrap;\" ><div class=\"fusion-builder-row fusion-row\"><div class=\"fusion-layout-column fusion_builder_column fusion-builder-column-0 fusion_builder_column_3_5 3_5 fusion-three-fifth fusion-column-first fusion-animated elem-button-norm\" style=\"--awb-bg-size:cover;--awb-margin-bottom:0px;width:60%;width:calc(60% - ( ( 4% ) * 0.6 ) );margin-right: 4%;\" data-animationType=\"fadeInLeft\" data-animationDuration=\"0.3\" data-animationOffset=\"top-into-view\"><div class=\"fusion-column-wrapper fusion-flex-column-wrapper-legacy\"><div class=\"fusion-title title fusion-title-1 fusion-sep-none fusion-title-text fusion-title-size-one\" style=\"--awb-margin-bottom:55px;--awb-margin-top-small:0px;--awb-margin-right-small:0px;--awb-margin-bottom-small:20px;--awb-margin-left-small:0px;\"><h1 class=\"fusion-title-heading title-heading-left fusion-responsive-typography-calculated\" style=\"margin:0;--fontSize:80;line-height:1;\"><p>Sanapur &#8211; Ergonomically<br \/>\ncorrect and healthy sleep.<\/p><\/h1><\/div><div class=\"fusion-sep-clear\"><\/div><div class=\"fusion-separator fusion-full-width-sep\" style=\"margin-left: auto;margin-right: auto;margin-top:40px;margin-bottom:40px;width:100%;\"><\/div><div class=\"fusion-sep-clear\"><\/div><div class=\"fusion-clearfix\"><\/div><\/div><\/div><\/div><\/div><div class=\"fusion-fullwidth fullwidth-box fusion-builder-row-2 nonhundred-percent-fullwidth non-hundred-percent-height-scrolling\" style=\"--awb-border-radius-top-left:0px;--awb-border-radius-top-right:0px;--awb-border-radius-bottom-right:0px;--awb-border-radius-bottom-left:0px;--awb-padding-top:190px;--awb-margin-top:0px;--awb-flex-wrap:wrap;\" ><div class=\"fusion-builder-row fusion-row\"><div class=\"fusion-layout-column fusion_builder_column fusion-builder-column-1 fusion_builder_column_1_1 1_1 fusion-one-full fusion-column-first fusion-column-last\" style=\"--awb-bg-size:cover;--awb-margin-bottom:0px;\"><div class=\"fusion-column-wrapper fusion-flex-column-wrapper-legacy\"><div class=\"fusion-text fusion-text-1\"><h1>Legal notice<\/h1>\n<p><strong>Sanapur International GmbH &amp; Co. KG<\/strong><br \/>\nHommeswiese 82<br \/>\n57258 Freudenberg<br \/>\nTelefon: +49 (2734) \u00a0578 110<br \/>\nFax: +49 (2734)\u00a0\u00a0578 111<br \/>\nAllg. E-Mail-Adresse: <a href=\"mailto:info@sanapur.de\">info@sanapur.de<\/a><\/p>\n<p>Vertreten durch die pers\u00f6nlich haftende gesch\u00e4ftsf\u00fchrende Gesellschafterin Sanapur International Verwaltungs GmbH, Hommeswiese 82, 57258 Freudenberg, Amtsgericht Siegen, HR B 9594, diese vertreten durch die Gesch\u00e4ftsf\u00fchrer Peter K\u00f6hler und Ludwig Dehottay (E-Mail: <a href=\"mailto:info@sanapur.de\">info@sanapur.de<\/a>)<\/p>\n<p>Amtsgericht Siegen, HR A 8639<\/p>\n<p>Umsatzsteuer-Identifikationsnr.: DE815313395<\/p>\n<p><strong>Angaben zur\u00a0Betriebshaftpflichtversicherung<\/strong><\/p>\n<p>Name und Sitz des Versicherers:<br \/>\nHDI Versicherung AG<br \/>\nHDI-Platz 1<br \/>\n30659 Hannover<\/p>\n<p>Geltungsraum der Versicherung: Deutschland<\/p>\n<p><strong>Online-Streitbeilegung<\/strong><strong>\u00a0<\/strong><\/p>\n<p>Streitbeilegungsverfahren vor einer Verbraucherschlichtungsstelle: Die Sanapur International GmbH &amp; Co. KG ist nicht bereit und verpflichtet, an Streitbeilegungsverfahren vor einer Verbraucherschlichtungsstelle teilzunehmen. Die Streitbeilegungs-Plattform der EU-Kommission zur Online-Streitbeilegung ist unter dem externen Link http:\/\/ec.europa.eu\/consumers\/odr\/ erreichbar. In diesem Zusammenhang sind wir verpflichtet, unsere Kunden auf unsere E-Mail-Adresse hinzuweisen. Diese lautet: <a href=\"mailto:info@sanapur.de\">info@sanapur.de<\/a><\/p>\n<p>Dieses Impressum gilt auch f\u00fcr die Facebook-Seite:<br \/>\n<a href=\"http:\/\/www.facebook.com\/SanapurSchlafsystem\" target=\"_blank\" rel=\"noopener noreferrer\">www.facebook.com\/SanapurSchlafsystem<\/a><\/p>\n<p><a href=\"https:\/\/www.sanapur.de\/wp-content\/uploads\/2018\/10\/sanapur-agb-unternehmer-juni2018.pdf\" target=\"_blank\" rel=\"noopener noreferrer\">&gt;Allg. Gesch\u00e4ftsbedingungen<\/a><br \/>\n<a href=\"https:\/\/www.sanapur.de\/datenschutzerklaerung\/\">&gt;Datenschutzerkl\u00e4rung<\/a><\/p>\n<\/div><div class=\"fusion-text fusion-text-2\"><p><strong>Bildrechte<\/strong><\/p>\n<p>\u00a9 shutterstock.com: Puhhha, Stock-Asso, Stokkete, Dean Drobot, Rawpixel.com, Milan Ilic Photographer, g-stockstudio, nexus 7, Sashkin, lightpoet, 4 PM production,<br \/>\nchristoph\/alt fotografie Fulda \/ Elmshorn (DE)<br \/>\nstudio-J C.V. fotografie De Pinte (BE)<\/p>\n<\/div><div class=\"fusion-clearfix\"><\/div><\/div><\/div><\/div><\/div><\/p>\n","protected":false},"excerpt":{"rendered":"","protected":false},"author":1,"featured_media":0,"parent":0,"menu_order":0,"comment_status":"closed","ping_status":"closed","template":"100-width.php","meta":{"footnotes":""},"class_list":["post-1655","page","type-page","status-publish","hentry"],"yoast_head":"<!-- This site is optimized with the Yoast SEO plugin v27.5 - https:\/\/yoast.com\/product\/yoast-seo-wordpress\/ -->\n<title>Legal notices - Sanapur \u2013 Ergonomisch richtig und gesund schlafen<\/title>\n<meta name=\"robots\" content=\"index, follow, max-snippet:-1, max-image-preview:large, max-video-preview:-1\" \/>\n<link rel=\"canonical\" href=\"https:\/\/www.sanapur.de\/en\/legal-notices\/\" \/>\n<meta property=\"og:locale\" content=\"en_US\" \/>\n<meta property=\"og:type\" content=\"article\" \/>\n<meta property=\"og:title\" content=\"Legal notices - Sanapur \u2013 Ergonomisch richtig und gesund schlafen\" \/>\n<meta property=\"og:url\" content=\"https:\/\/www.sanapur.de\/en\/legal-notices\/\" \/>\n<meta property=\"og:site_name\" content=\"Sanapur \u2013 Ergonomisch richtig und gesund schlafen\" \/>\n<meta property=\"article:publisher\" content=\"https:\/\/www.facebook.com\/SanapurSchlafsystem\" \/>\n<meta property=\"article:modified_time\" content=\"2019-12-11T21:47:27+00:00\" \/>\n<meta name=\"twitter:card\" content=\"summary_large_image\" \/>\n<meta name=\"twitter:label1\" content=\"Est. reading time\" \/>\n\t<meta name=\"twitter:data1\" content=\"4 minutes\" \/>\n<script type=\"application\/ld+json\" class=\"yoast-schema-graph\">{\"@context\":\"https:\\\/\\\/schema.org\",\"@graph\":[{\"@type\":\"WebPage\",\"@id\":\"https:\\\/\\\/www.sanapur.de\\\/en\\\/legal-notices\\\/\",\"url\":\"https:\\\/\\\/www.sanapur.de\\\/en\\\/legal-notices\\\/\",\"name\":\"Legal notices - Sanapur \u2013 Ergonomisch richtig und gesund schlafen\",\"isPartOf\":{\"@id\":\"https:\\\/\\\/www.sanapur.de\\\/#website\"},\"datePublished\":\"2019-12-10T19:57:54+00:00\",\"dateModified\":\"2019-12-11T21:47:27+00:00\",\"breadcrumb\":{\"@id\":\"https:\\\/\\\/www.sanapur.de\\\/en\\\/legal-notices\\\/#breadcrumb\"},\"inLanguage\":\"en-US\",\"potentialAction\":[{\"@type\":\"ReadAction\",\"target\":[\"https:\\\/\\\/www.sanapur.de\\\/en\\\/legal-notices\\\/\"]}]},{\"@type\":\"BreadcrumbList\",\"@id\":\"https:\\\/\\\/www.sanapur.de\\\/en\\\/legal-notices\\\/#breadcrumb\",\"itemListElement\":[{\"@type\":\"ListItem\",\"position\":1,\"name\":\"Startseite\",\"item\":\"https:\\\/\\\/www.sanapur.de\\\/en\\\/\"},{\"@type\":\"ListItem\",\"position\":2,\"name\":\"Legal notices\"}]},{\"@type\":\"WebSite\",\"@id\":\"https:\\\/\\\/www.sanapur.de\\\/#website\",\"url\":\"https:\\\/\\\/www.sanapur.de\\\/\",\"name\":\"Sanapur \u2013 Ergonomisch richtig und gesund schlafen\",\"description\":\"\",\"publisher\":{\"@id\":\"https:\\\/\\\/www.sanapur.de\\\/#organization\"},\"potentialAction\":[{\"@type\":\"SearchAction\",\"target\":{\"@type\":\"EntryPoint\",\"urlTemplate\":\"https:\\\/\\\/www.sanapur.de\\\/?s={search_term_string}\"},\"query-input\":{\"@type\":\"PropertyValueSpecification\",\"valueRequired\":true,\"valueName\":\"search_term_string\"}}],\"inLanguage\":\"en-US\"},{\"@type\":\"Organization\",\"@id\":\"https:\\\/\\\/www.sanapur.de\\\/#organization\",\"name\":\"Sanapur International GmbH & Co. KG\",\"url\":\"https:\\\/\\\/www.sanapur.de\\\/\",\"logo\":{\"@type\":\"ImageObject\",\"inLanguage\":\"en-US\",\"@id\":\"https:\\\/\\\/www.sanapur.de\\\/#\\\/schema\\\/logo\\\/image\\\/\",\"url\":\"https:\\\/\\\/www.sanapur.de\\\/wp-content\\\/uploads\\\/2018\\\/08\\\/Sanapur-Logo-retina.png\",\"contentUrl\":\"https:\\\/\\\/www.sanapur.de\\\/wp-content\\\/uploads\\\/2018\\\/08\\\/Sanapur-Logo-retina.png\",\"width\":512,\"height\":160,\"caption\":\"Sanapur International GmbH & Co. KG\"},\"image\":{\"@id\":\"https:\\\/\\\/www.sanapur.de\\\/#\\\/schema\\\/logo\\\/image\\\/\"},\"sameAs\":[\"https:\\\/\\\/www.facebook.com\\\/SanapurSchlafsystem\",\"https:\\\/\\\/www.youtube.com\\\/channel\\\/UC95BUyAADZCbXmVKS8BK0GA\"]}]}<\/script>\n<!-- \/ Yoast SEO plugin. -->","yoast_head_json":{"title":"Legal notices - Sanapur \u2013 Ergonomisch richtig und gesund schlafen","robots":{"index":"index","follow":"follow","max-snippet":"max-snippet:-1","max-image-preview":"max-image-preview:large","max-video-preview":"max-video-preview:-1"},"canonical":"https:\/\/www.sanapur.de\/en\/legal-notices\/","og_locale":"en_US","og_type":"article","og_title":"Legal notices - Sanapur \u2013 Ergonomisch richtig und gesund schlafen","og_url":"https:\/\/www.sanapur.de\/en\/legal-notices\/","og_site_name":"Sanapur \u2013 Ergonomisch richtig und gesund schlafen","article_publisher":"https:\/\/www.facebook.com\/SanapurSchlafsystem","article_modified_time":"2019-12-11T21:47:27+00:00","twitter_card":"summary_large_image","twitter_misc":{"Est. reading time":"4 minutes"},"schema":{"@context":"https:\/\/schema.org","@graph":[{"@type":"WebPage","@id":"https:\/\/www.sanapur.de\/en\/legal-notices\/","url":"https:\/\/www.sanapur.de\/en\/legal-notices\/","name":"Legal notices - Sanapur \u2013 Ergonomisch richtig und gesund schlafen","isPartOf":{"@id":"https:\/\/www.sanapur.de\/#website"},"datePublished":"2019-12-10T19:57:54+00:00","dateModified":"2019-12-11T21:47:27+00:00","breadcrumb":{"@id":"https:\/\/www.sanapur.de\/en\/legal-notices\/#breadcrumb"},"inLanguage":"en-US","potentialAction":[{"@type":"ReadAction","target":["https:\/\/www.sanapur.de\/en\/legal-notices\/"]}]},{"@type":"BreadcrumbList","@id":"https:\/\/www.sanapur.de\/en\/legal-notices\/#breadcrumb","itemListElement":[{"@type":"ListItem","position":1,"name":"Startseite","item":"https:\/\/www.sanapur.de\/en\/"},{"@type":"ListItem","position":2,"name":"Legal notices"}]},{"@type":"WebSite","@id":"https:\/\/www.sanapur.de\/#website","url":"https:\/\/www.sanapur.de\/","name":"Sanapur \u2013 Ergonomisch richtig und gesund schlafen","description":"","publisher":{"@id":"https:\/\/www.sanapur.de\/#organization"},"potentialAction":[{"@type":"SearchAction","target":{"@type":"EntryPoint","urlTemplate":"https:\/\/www.sanapur.de\/?s={search_term_string}"},"query-input":{"@type":"PropertyValueSpecification","valueRequired":true,"valueName":"search_term_string"}}],"inLanguage":"en-US"},{"@type":"Organization","@id":"https:\/\/www.sanapur.de\/#organization","name":"Sanapur International GmbH & Co. KG","url":"https:\/\/www.sanapur.de\/","logo":{"@type":"ImageObject","inLanguage":"en-US","@id":"https:\/\/www.sanapur.de\/#\/schema\/logo\/image\/","url":"https:\/\/www.sanapur.de\/wp-content\/uploads\/2018\/08\/Sanapur-Logo-retina.png","contentUrl":"https:\/\/www.sanapur.de\/wp-content\/uploads\/2018\/08\/Sanapur-Logo-retina.png","width":512,"height":160,"caption":"Sanapur International GmbH & Co. KG"},"image":{"@id":"https:\/\/www.sanapur.de\/#\/schema\/logo\/image\/"},"sameAs":["https:\/\/www.facebook.com\/SanapurSchlafsystem","https:\/\/www.youtube.com\/channel\/UC95BUyAADZCbXmVKS8BK0GA"]}]}},"_links":{"self":[{"href":"https:\/\/www.sanapur.de\/en\/wp-json\/wp\/v2\/pages\/1655","targetHints":{"allow":["GET"]}}],"collection":[{"href":"https:\/\/www.sanapur.de\/en\/wp-json\/wp\/v2\/pages"}],"about":[{"href":"https:\/\/www.sanapur.de\/en\/wp-json\/wp\/v2\/types\/page"}],"author":[{"embeddable":true,"href":"https:\/\/www.sanapur.de\/en\/wp-json\/wp\/v2\/users\/1"}],"replies":[{"embeddable":true,"href":"https:\/\/www.sanapur.de\/en\/wp-json\/wp\/v2\/comments?post=1655"}],"version-history":[{"count":6,"href":"https:\/\/www.sanapur.de\/en\/wp-json\/wp\/v2\/pages\/1655\/revisions"}],"predecessor-version":[{"id":1666,"href":"https:\/\/www.sanapur.de\/en\/wp-json\/wp\/v2\/pages\/1655\/revisions\/1666"}],"wp:attachment":[{"href":"https:\/\/www.sanapur.de\/en\/wp-json\/wp\/v2\/media?parent=1655"}],"curies":[{"name":"wp","href":"https:\/\/api.w.org\/{rel}","templated":true}]}}